{"id":24197,"date":"2023-03-08T13:51:07","date_gmt":"2023-03-08T12:51:07","guid":{"rendered":"https:\/\/www.mokos.rs\/product\/short-pink-cocktail-dress\/"},"modified":"2024-04-21T15:12:19","modified_gmt":"2024-04-21T13:12:19","slug":"short-pink-cocktail-dress","status":"publish","type":"product","link":"https:\/\/www.mokos.rs\/en\/product\/short-pink-cocktail-dress\/","title":{"rendered":"Short pink cocktail dress"},"content":{"rendered":"<p style=\"text-align: center;\"><strong>Collection: OLD MONEY<\/strong><\/p>\n<p style=\"text-align: center;\">Attractive short cocktail dress in pink color. The model follows the body line and emphasizes the figure and follows the silhouette. It&#8217;s the perfect choice when you want to make an impression.<\/p>\n<p style=\"text-align: center;\"><strong>Material:<\/strong> Russian satin<\/p>\n<p style=\"text-align: center;\"><strong>Material composition:<\/strong> 98% polyester, 2% elastan<\/p>\n<p style=\"text-align: center;\"><strong>Lining composition:<\/strong> 100% polyester<\/p>\n<p style=\"text-align: center;\">\n","protected":false},"excerpt":{"rendered":"<p>Collection: OLD MONEY Attractive short cocktail dress in pink color. The model follows the body line and emphasizes the figure and follows the silhouette. It&#8217;s the perfect choice when you want to make an impression. Material: Russian satin Material composition: 98% polyester, 2% elastan Lining composition: 100% polyester<\/p>\n","protected":false},"featured_media":24187,"comment_status":"open","ping_status":"closed","template":"","meta":[],"product_brand":[],"product_cat":[563],"product_tag":[1005,998,1007,1003,1010,1012,1008,1002,1004,979,1013,1011,1000,973,1014,1006],"class_list":{"0":"post-24197","1":"product","2":"type-product","3":"status-publish","4":"has-post-thumbnail","6":"product_cat-dresses","7":"product_tag-bespoke","8":"product_tag-coat","9":"product_tag-couture","10":"product_tag-custom","11":"product_tag-dress","12":"product_tag-evening","13":"product_tag-fall","14":"product_tag-fashion","15":"product_tag-fashiondesigner","16":"product_tag-fem-brocate-2022-2023","17":"product_tag-handmade","18":"product_tag-luxury","19":"product_tag-mokos","20":"product_tag-mokos-coating-2022-2023","21":"product_tag-style","22":"product_tag-tailoring","24":"first","25":"instock","26":"taxable","27":"shipping-taxable","28":"purchasable","29":"product-type-simple"},"yoast_head":"<!-- This site is optimized with the Yoast SEO plugin v22.4 - https:\/\/yoast.com\/wordpress\/plugins\/seo\/ -->\n<title>Short pink cocktail dress - Mokos<\/title>\n<meta name=\"description\" content=\"Attractive short cocktail dress in pink color. The model follows the body line and emphasizes the figure and follows the silhouette.\" \/>\n<meta name=\"robots\" content=\"index, follow, max-snippet:-1, max-image-preview:large, max-video-preview:-1\" \/>\n<link rel=\"canonical\" href=\"https:\/\/www.mokos.rs\/en\/product\/short-pink-cocktail-dress\/\" \/>\n<meta property=\"og:locale\" content=\"en_US\" \/>\n<meta property=\"og:type\" content=\"article\" \/>\n<meta property=\"og:title\" content=\"Short pink cocktail dress - Mokos\" \/>\n<meta property=\"og:description\" content=\"Attractive short cocktail dress in pink color. The model follows the body line and emphasizes the figure and follows the silhouette.\" \/>\n<meta property=\"og:url\" content=\"https:\/\/www.mokos.rs\/en\/product\/short-pink-cocktail-dress\/\" \/>\n<meta property=\"og:site_name\" content=\"Mokos\" \/>\n<meta property=\"article:publisher\" content=\"https:\/\/www.instagram.com\/mokos_fashion\/\" \/>\n<meta property=\"article:modified_time\" content=\"2024-04-21T13:12:19+00:00\" \/>\n<meta property=\"og:image\" content=\"https:\/\/www.mokos.rs\/wp-content\/uploads\/2023\/03\/Kratka-pink-koktel-haljina.jpg\" \/>\n\t<meta property=\"og:image:width\" content=\"902\" \/>\n\t<meta property=\"og:image:height\" content=\"1127\" \/>\n\t<meta property=\"og:image:type\" content=\"image\/jpeg\" \/>\n<meta name=\"twitter:card\" content=\"summary_large_image\" \/>\n<meta name=\"twitter:label1\" content=\"Est. reading time\" \/>\n\t<meta name=\"twitter:data1\" content=\"1 minute\" \/>\n<script type=\"application\/ld+json\" class=\"yoast-schema-graph\">{\"@context\":\"https:\/\/schema.org\",\"@graph\":[{\"@type\":\"WebPage\",\"@id\":\"https:\/\/www.mokos.rs\/en\/product\/short-pink-cocktail-dress\/\",\"url\":\"https:\/\/www.mokos.rs\/en\/product\/short-pink-cocktail-dress\/\",\"name\":\"Short pink cocktail dress - Mokos\",\"isPartOf\":{\"@id\":\"https:\/\/www.mokos.rs\/en\/#website\"},\"primaryImageOfPage\":{\"@id\":\"https:\/\/www.mokos.rs\/en\/product\/short-pink-cocktail-dress\/#primaryimage\"},\"image\":{\"@id\":\"https:\/\/www.mokos.rs\/en\/product\/short-pink-cocktail-dress\/#primaryimage\"},\"thumbnailUrl\":\"https:\/\/www.mokos.rs\/wp-content\/uploads\/2023\/03\/Kratka-pink-koktel-haljina.jpg\",\"datePublished\":\"2023-03-08T12:51:07+00:00\",\"dateModified\":\"2024-04-21T13:12:19+00:00\",\"description\":\"Attractive short cocktail dress in pink color. The model follows the body line and emphasizes the figure and follows the silhouette.\",\"breadcrumb\":{\"@id\":\"https:\/\/www.mokos.rs\/en\/product\/short-pink-cocktail-dress\/#breadcrumb\"},\"inLanguage\":\"en-US\",\"potentialAction\":[{\"@type\":\"ReadAction\",\"target\":[\"https:\/\/www.mokos.rs\/en\/product\/short-pink-cocktail-dress\/\"]}]},{\"@type\":\"ImageObject\",\"inLanguage\":\"en-US\",\"@id\":\"https:\/\/www.mokos.rs\/en\/product\/short-pink-cocktail-dress\/#primaryimage\",\"url\":\"https:\/\/www.mokos.rs\/wp-content\/uploads\/2023\/03\/Kratka-pink-koktel-haljina.jpg\",\"contentUrl\":\"https:\/\/www.mokos.rs\/wp-content\/uploads\/2023\/03\/Kratka-pink-koktel-haljina.jpg\",\"width\":902,\"height\":1127,\"caption\":\"Naziv kolekcije: TUSSORE Naziv modela: Kratka pink koktel haljina Boja: Pink Materijal: Saten Cena: 35.000,00 Opis modela: Kratka koktel haljina, u pink boji, sa otvorom na le\u0111ima koji isti\u010de Va\u0161u \u017eenstvenost\"},{\"@type\":\"BreadcrumbList\",\"@id\":\"https:\/\/www.mokos.rs\/en\/product\/short-pink-cocktail-dress\/#breadcrumb\",\"itemListElement\":[{\"@type\":\"ListItem\",\"position\":1,\"name\":\"Home\",\"item\":\"https:\/\/www.mokos.rs\/en\/\"},{\"@type\":\"ListItem\",\"position\":2,\"name\":\"Shop\",\"item\":\"https:\/\/www.mokos.rs\/shop\/\"},{\"@type\":\"ListItem\",\"position\":3,\"name\":\"Short pink cocktail dress\"}]},{\"@type\":\"WebSite\",\"@id\":\"https:\/\/www.mokos.rs\/en\/#website\",\"url\":\"https:\/\/www.mokos.rs\/en\/\",\"name\":\"Mokos\",\"description\":\"\",\"publisher\":{\"@id\":\"https:\/\/www.mokos.rs\/en\/#organization\"},\"potentialAction\":[{\"@type\":\"SearchAction\",\"target\":{\"@type\":\"EntryPoint\",\"urlTemplate\":\"https:\/\/www.mokos.rs\/en\/?s={search_term_string}\"},\"query-input\":\"required name=search_term_string\"}],\"inLanguage\":\"en-US\"},{\"@type\":\"Organization\",\"@id\":\"https:\/\/www.mokos.rs\/en\/#organization\",\"name\":\"Mokos\",\"url\":\"https:\/\/www.mokos.rs\/en\/\",\"logo\":{\"@type\":\"ImageObject\",\"inLanguage\":\"en-US\",\"@id\":\"https:\/\/www.mokos.rs\/en\/#\/schema\/logo\/image\/\",\"url\":\"https:\/\/www.mokos.rs\/wp-content\/uploads\/2022\/10\/Untitled.png\",\"contentUrl\":\"https:\/\/www.mokos.rs\/wp-content\/uploads\/2022\/10\/Untitled.png\",\"width\":1920,\"height\":1043,\"caption\":\"Mokos\"},\"image\":{\"@id\":\"https:\/\/www.mokos.rs\/en\/#\/schema\/logo\/image\/\"},\"sameAs\":[\"https:\/\/www.instagram.com\/mokos_fashion\/\"]}]}<\/script>\n<!-- \/ Yoast SEO plugin. -->","yoast_head_json":{"title":"Short pink cocktail dress - Mokos","description":"Attractive short cocktail dress in pink color. The model follows the body line and emphasizes the figure and follows the silhouette.","robots":{"index":"index","follow":"follow","max-snippet":"max-snippet:-1","max-image-preview":"max-image-preview:large","max-video-preview":"max-video-preview:-1"},"canonical":"https:\/\/www.mokos.rs\/en\/product\/short-pink-cocktail-dress\/","og_locale":"en_US","og_type":"article","og_title":"Short pink cocktail dress - Mokos","og_description":"Attractive short cocktail dress in pink color. The model follows the body line and emphasizes the figure and follows the silhouette.","og_url":"https:\/\/www.mokos.rs\/en\/product\/short-pink-cocktail-dress\/","og_site_name":"Mokos","article_publisher":"https:\/\/www.instagram.com\/mokos_fashion\/","article_modified_time":"2024-04-21T13:12:19+00:00","og_image":[{"width":902,"height":1127,"url":"https:\/\/www.mokos.rs\/wp-content\/uploads\/2023\/03\/Kratka-pink-koktel-haljina.jpg","type":"image\/jpeg"}],"twitter_card":"summary_large_image","twitter_misc":{"Est. reading time":"1 minute"},"schema":{"@context":"https:\/\/schema.org","@graph":[{"@type":"WebPage","@id":"https:\/\/www.mokos.rs\/en\/product\/short-pink-cocktail-dress\/","url":"https:\/\/www.mokos.rs\/en\/product\/short-pink-cocktail-dress\/","name":"Short pink cocktail dress - Mokos","isPartOf":{"@id":"https:\/\/www.mokos.rs\/en\/#website"},"primaryImageOfPage":{"@id":"https:\/\/www.mokos.rs\/en\/product\/short-pink-cocktail-dress\/#primaryimage"},"image":{"@id":"https:\/\/www.mokos.rs\/en\/product\/short-pink-cocktail-dress\/#primaryimage"},"thumbnailUrl":"https:\/\/www.mokos.rs\/wp-content\/uploads\/2023\/03\/Kratka-pink-koktel-haljina.jpg","datePublished":"2023-03-08T12:51:07+00:00","dateModified":"2024-04-21T13:12:19+00:00","description":"Attractive short cocktail dress in pink color. The model follows the body line and emphasizes the figure and follows the silhouette.","breadcrumb":{"@id":"https:\/\/www.mokos.rs\/en\/product\/short-pink-cocktail-dress\/#breadcrumb"},"inLanguage":"en-US","potentialAction":[{"@type":"ReadAction","target":["https:\/\/www.mokos.rs\/en\/product\/short-pink-cocktail-dress\/"]}]},{"@type":"ImageObject","inLanguage":"en-US","@id":"https:\/\/www.mokos.rs\/en\/product\/short-pink-cocktail-dress\/#primaryimage","url":"https:\/\/www.mokos.rs\/wp-content\/uploads\/2023\/03\/Kratka-pink-koktel-haljina.jpg","contentUrl":"https:\/\/www.mokos.rs\/wp-content\/uploads\/2023\/03\/Kratka-pink-koktel-haljina.jpg","width":902,"height":1127,"caption":"Naziv kolekcije: TUSSORE Naziv modela: Kratka pink koktel haljina Boja: Pink Materijal: Saten Cena: 35.000,00 Opis modela: Kratka koktel haljina, u pink boji, sa otvorom na le\u0111ima koji isti\u010de Va\u0161u \u017eenstvenost"},{"@type":"BreadcrumbList","@id":"https:\/\/www.mokos.rs\/en\/product\/short-pink-cocktail-dress\/#breadcrumb","itemListElement":[{"@type":"ListItem","position":1,"name":"Home","item":"https:\/\/www.mokos.rs\/en\/"},{"@type":"ListItem","position":2,"name":"Shop","item":"https:\/\/www.mokos.rs\/shop\/"},{"@type":"ListItem","position":3,"name":"Short pink cocktail dress"}]},{"@type":"WebSite","@id":"https:\/\/www.mokos.rs\/en\/#website","url":"https:\/\/www.mokos.rs\/en\/","name":"Mokos","description":"","publisher":{"@id":"https:\/\/www.mokos.rs\/en\/#organization"},"potentialAction":[{"@type":"SearchAction","target":{"@type":"EntryPoint","urlTemplate":"https:\/\/www.mokos.rs\/en\/?s={search_term_string}"},"query-input":"required name=search_term_string"}],"inLanguage":"en-US"},{"@type":"Organization","@id":"https:\/\/www.mokos.rs\/en\/#organization","name":"Mokos","url":"https:\/\/www.mokos.rs\/en\/","logo":{"@type":"ImageObject","inLanguage":"en-US","@id":"https:\/\/www.mokos.rs\/en\/#\/schema\/logo\/image\/","url":"https:\/\/www.mokos.rs\/wp-content\/uploads\/2022\/10\/Untitled.png","contentUrl":"https:\/\/www.mokos.rs\/wp-content\/uploads\/2022\/10\/Untitled.png","width":1920,"height":1043,"caption":"Mokos"},"image":{"@id":"https:\/\/www.mokos.rs\/en\/#\/schema\/logo\/image\/"},"sameAs":["https:\/\/www.instagram.com\/mokos_fashion\/"]}]}},"_links":{"self":[{"href":"https:\/\/www.mokos.rs\/en\/wp-json\/wp\/v2\/product\/24197","targetHints":{"allow":["GET"]}}],"collection":[{"href":"https:\/\/www.mokos.rs\/en\/wp-json\/wp\/v2\/product"}],"about":[{"href":"https:\/\/www.mokos.rs\/en\/wp-json\/wp\/v2\/types\/product"}],"replies":[{"embeddable":true,"href":"https:\/\/www.mokos.rs\/en\/wp-json\/wp\/v2\/comments?post=24197"}],"wp:featuredmedia":[{"embeddable":true,"href":"https:\/\/www.mokos.rs\/en\/wp-json\/wp\/v2\/media\/24187"}],"wp:attachment":[{"href":"https:\/\/www.mokos.rs\/en\/wp-json\/wp\/v2\/media?parent=24197"}],"wp:term":[{"taxonomy":"product_brand","embeddable":true,"href":"https:\/\/www.mokos.rs\/en\/wp-json\/wp\/v2\/product_brand?post=24197"},{"taxonomy":"product_cat","embeddable":true,"href":"https:\/\/www.mokos.rs\/en\/wp-json\/wp\/v2\/product_cat?post=24197"},{"taxonomy":"product_tag","embeddable":true,"href":"https:\/\/www.mokos.rs\/en\/wp-json\/wp\/v2\/product_tag?post=24197"}],"curies":[{"name":"wp","href":"https:\/\/api.w.org\/{rel}","templated":true}]}}