{"id":1390,"date":"2020-05-06T08:05:12","date_gmt":"2020-05-06T08:05:12","guid":{"rendered":"https:\/\/eona.qodeinteractive.com\/?page_id=1390"},"modified":"2024-08-04T14:31:52","modified_gmt":"2024-08-04T12:31:52","slug":"our-services","status":"publish","type":"page","link":"https:\/\/www.mokos.rs\/en\/our-services\/","title":{"rendered":"Our Services"},"content":{"rendered":"\t\t<div data-elementor-type=\"wp-page\" data-elementor-id=\"1390\" class=\"elementor elementor-1390\">\n\t\t\t\t\t\t<section class=\"elementor-section elementor-top-section elementor-element elementor-element-bc1cbe8 elementor-section-boxed elementor-section-height-default elementor-section-height-default qodef-elementor-content-no\" data-id=\"bc1cbe8\" data-element_type=\"section\" data-e-type=\"section\">\n\t\t\t\t\t\t<div class=\"elementor-container elementor-column-gap-default\">\n\t\t\t\t\t<div class=\"elementor-column elementor-col-100 elementor-top-column elementor-element elementor-element-2359bf5\" data-id=\"2359bf5\" data-element_type=\"column\" data-e-type=\"column\">\n\t\t\t<div class=\"elementor-widget-wrap elementor-element-populated\">\n\t\t\t\t\t\t<div class=\"elementor-element elementor-element-ced5270 elementor-widget elementor-widget-heading\" data-id=\"ced5270\" data-element_type=\"widget\" data-e-type=\"widget\" data-widget_type=\"heading.default\">\n\t\t\t\t<div class=\"elementor-widget-container\">\n\t\t\t\t\t<h2 class=\"elementor-heading-title elementor-size-default\">PREMIUM DESIGN<\/h2>\t\t\t\t<\/div>\n\t\t\t\t<\/div>\n\t\t\t\t\t<\/div>\n\t\t<\/div>\n\t\t\t\t\t<\/div>\n\t\t<\/section>\n\t\t\t\t<section class=\"elementor-section elementor-top-section elementor-element elementor-element-9782b81 elementor-section-boxed elementor-section-height-default elementor-section-height-default qodef-elementor-content-no\" data-id=\"9782b81\" data-element_type=\"section\" data-e-type=\"section\">\n\t\t\t\t\t\t<div class=\"elementor-container elementor-column-gap-default\">\n\t\t\t\t\t<div class=\"elementor-column elementor-col-100 elementor-top-column elementor-element elementor-element-b9db5a3\" data-id=\"b9db5a3\" data-element_type=\"column\" data-e-type=\"column\">\n\t\t\t<div class=\"elementor-widget-wrap elementor-element-populated\">\n\t\t\t\t\t\t<div class=\"elementor-element elementor-element-1910b4e elementor-widget elementor-widget-image\" data-id=\"1910b4e\" data-element_type=\"widget\" data-e-type=\"widget\" data-widget_type=\"image.default\">\n\t\t\t\t<div class=\"elementor-widget-container\">\n\t\t\t\t\t\t\t\t\t\t\t\t\t\t\t<img fetchpriority=\"high\" decoding=\"async\" width=\"680\" height=\"453\" src=\"https:\/\/www.mokos.rs\/wp-content\/uploads\/2024\/03\/2023-01-09.jpg\" class=\"attachment-large size-large wp-image-28128\" alt=\"\" srcset=\"https:\/\/www.mokos.rs\/wp-content\/uploads\/2024\/03\/2023-01-09.jpg 680w, https:\/\/www.mokos.rs\/wp-content\/uploads\/2024\/03\/2023-01-09-300x200.jpg 300w, https:\/\/www.mokos.rs\/wp-content\/uploads\/2024\/03\/2023-01-09-600x400.jpg 600w, https:\/\/www.mokos.rs\/wp-content\/uploads\/2024\/03\/2023-01-09-64x43.jpg 64w\" sizes=\"(max-width: 680px) 100vw, 680px\" \/>\t\t\t\t\t\t\t\t\t\t\t\t\t\t\t<\/div>\n\t\t\t\t<\/div>\n\t\t\t\t\t<\/div>\n\t\t<\/div>\n\t\t\t\t\t<\/div>\n\t\t<\/section>\n\t\t\t\t<section class=\"elementor-section elementor-top-section elementor-element elementor-element-855427e elementor-section-boxed elementor-section-height-default elementor-section-height-default qodef-elementor-content-no\" data-id=\"855427e\" data-element_type=\"section\" data-e-type=\"section\">\n\t\t\t\t\t\t<div class=\"elementor-container elementor-column-gap-default\">\n\t\t\t\t\t<div class=\"elementor-column elementor-col-100 elementor-top-column elementor-element elementor-element-bd1059e\" data-id=\"bd1059e\" data-element_type=\"column\" data-e-type=\"column\">\n\t\t\t<div class=\"elementor-widget-wrap elementor-element-populated\">\n\t\t\t\t\t\t<div class=\"elementor-element elementor-element-7a092b4 elementor-widget elementor-widget-text-editor\" data-id=\"7a092b4\" data-element_type=\"widget\" data-e-type=\"widget\" data-widget_type=\"text-editor.default\">\n\t\t\t\t<div class=\"elementor-widget-container\">\n\t\t\t\t\t\t\t\t\t<p><strong>In order for you to feel the most beautiful in Moko\u0161 models, and overcome the limitations of standardized sizes, our brand is also based on the creation of an exclusive Custom Made design.<\/strong><br \/><br \/>Unique models designed according to your unique measurements, define the model so that it fully follows the silhouette of the body, emphasizing the female figure and providing a fantastic feeling of self-confidence.<br \/><br \/>From the first meeting with the designer, to the final fitting, we follow every step in the model personalization process that allows you to express your unique style and personality through the selected model that was created just for you.<br \/><br \/>Custom Made design represents the perfect combination of luxury and style, which will give you the opportunity to feel unique and feminine.<br \/><br \/>If you want a personalized model tailored to your measurements or tailored in a studio, select the Custom Made option for each item in the &#8220;Size&#8221; field. Send us the size chart with your measurements by e-mail: office@mokos.rs, contact us at +381 64 821 5138 or visit us at our studio at Jugovi\u0107eva 4 in Po\u017earevac or Mile\u0161evska 53\/3 in Belgrade.<br \/><br \/>Your Mokosh<\/p>\t\t\t\t\t\t\t\t<\/div>\n\t\t\t\t<\/div>\n\t\t\t\t\t<\/div>\n\t\t<\/div>\n\t\t\t\t\t<\/div>\n\t\t<\/section>\n\t\t\t\t<section class=\"elementor-section elementor-top-section elementor-element elementor-element-70a2c07 elementor-section-full_width qodef-elementor-content-grid elementor-section-height-default elementor-section-height-default\" data-id=\"70a2c07\" data-element_type=\"section\" data-e-type=\"section\">\n\t\t\t\t\t\t<div class=\"elementor-container elementor-column-gap-default\">\n\t\t\t\t\t<div class=\"elementor-column elementor-col-100 elementor-top-column elementor-element elementor-element-e55410e\" data-id=\"e55410e\" data-element_type=\"column\" data-e-type=\"column\">\n\t\t\t<div class=\"elementor-widget-wrap elementor-element-populated\">\n\t\t\t\t\t\t<div class=\"elementor-element elementor-element-330acf7 elementor-widget elementor-widget-eona_core_separator\" data-id=\"330acf7\" data-element_type=\"widget\" data-e-type=\"widget\" data-widget_type=\"eona_core_separator.default\">\n\t\t\t\t<div class=\"elementor-widget-container\">\n\t\t\t\t\t<div class=\"qodef-shortcode qodef-m  qodef-separator clear \">\n\t<div class=\"qodef-m-line\" ><\/div>\n<\/div>\t\t\t\t<\/div>\n\t\t\t\t<\/div>\n\t\t\t\t\t<\/div>\n\t\t<\/div>\n\t\t\t\t\t<\/div>\n\t\t<\/section>\n\t\t\t\t<section class=\"elementor-section elementor-top-section elementor-element elementor-element-769db76 elementor-section-full_width elementor-section-height-default elementor-section-height-default qodef-elementor-content-no\" data-id=\"769db76\" data-element_type=\"section\" data-e-type=\"section\">\n\t\t\t\t\t\t<div class=\"elementor-container elementor-column-gap-no\">\n\t\t\t\t\t<div class=\"elementor-column elementor-col-100 elementor-top-column elementor-element elementor-element-83b641d\" data-id=\"83b641d\" data-element_type=\"column\" data-e-type=\"column\">\n\t\t\t<div class=\"elementor-widget-wrap elementor-element-populated\">\n\t\t\t\t\t\t<div class=\"elementor-element elementor-element-012241e elementor-widget elementor-widget-sidebar\" data-id=\"012241e\" data-element_type=\"widget\" data-e-type=\"widget\" data-widget_type=\"sidebar.default\">\n\t\t\t\t<div class=\"elementor-widget-container\">\n\t\t\t\t\t<div class=\"widget widget_eona_core_instagram_list\" data-area=\"instagram\"><div class=\"qodef-shortcode qodef-m  qodef-instagram-list qodef-layout--columns qodef--no-bottom-space  qodef-gutter--micro qodef-col-num--6\">\n\t\t\t<div id=\"sbi_mod_error\" >\n\t\t\t<span>This error message is only visible to WordPress admins<\/span><br\/>\n\t\t\t<p><strong>Error: No feed found.<\/strong>\n\t\t\t<p>Please go to the Instagram Feed settings page to create a feed.<\/p>\n\t\t<\/div>\n\t\t<\/div><\/div>\t\t\t\t<\/div>\n\t\t\t\t<\/div>\n\t\t\t\t\t<\/div>\n\t\t<\/div>\n\t\t\t\t\t<\/div>\n\t\t<\/section>\n\t\t\t\t<\/div>\n\t\t","protected":false},"excerpt":{"rendered":"<p>PREMIUM DESIGN In order for you to feel the most beautiful in Moko\u0161 models, and overcome the limitations of standardized sizes, our brand is also based on the creation of an exclusive Custom Made design. Unique models designed according to your unique measurements, define the model so that it fully follows the silhouette of the [&hellip;]<\/p>\n","protected":false},"author":1,"featured_media":0,"parent":0,"menu_order":0,"comment_status":"closed","ping_status":"closed","template":"page-full-width.php","meta":{"footnotes":""},"class_list":["post-1390","page","type-page","status-publish","hentry"],"yoast_head":"<!-- This site is optimized with the Yoast SEO plugin v22.4 - https:\/\/yoast.com\/wordpress\/plugins\/seo\/ -->\n<title>Our Services - Mokos<\/title>\n<meta name=\"robots\" content=\"index, follow, max-snippet:-1, max-image-preview:large, max-video-preview:-1\" \/>\n<link rel=\"canonical\" href=\"https:\/\/www.mokos.rs\/en\/our-services\/\" \/>\n<meta property=\"og:locale\" content=\"en_US\" \/>\n<meta property=\"og:type\" content=\"article\" \/>\n<meta property=\"og:title\" content=\"Our Services - Mokos\" \/>\n<meta property=\"og:description\" content=\"PREMIUM DESIGN In order for you to feel the most beautiful in Moko\u0161 models, and overcome the limitations of standardized sizes, our brand is also based on the creation of an exclusive Custom Made design. Unique models designed according to your unique measurements, define the model so that it fully follows the silhouette of the [&hellip;]\" \/>\n<meta property=\"og:url\" content=\"https:\/\/www.mokos.rs\/en\/our-services\/\" \/>\n<meta property=\"og:site_name\" content=\"Mokos\" \/>\n<meta property=\"article:publisher\" content=\"https:\/\/www.instagram.com\/mokos_fashion\/\" \/>\n<meta property=\"article:modified_time\" content=\"2024-08-04T12:31:52+00:00\" \/>\n<meta property=\"og:image\" content=\"https:\/\/www.mokos.rs\/wp-content\/uploads\/2024\/03\/2023-01-09.jpg\" \/>\n<meta name=\"twitter:card\" content=\"summary_large_image\" \/>\n<meta name=\"twitter:label1\" content=\"Est. reading time\" \/>\n\t<meta name=\"twitter:data1\" content=\"2 minutes\" \/>\n<script type=\"application\/ld+json\" class=\"yoast-schema-graph\">{\"@context\":\"https:\/\/schema.org\",\"@graph\":[{\"@type\":\"WebPage\",\"@id\":\"https:\/\/www.mokos.rs\/en\/our-services\/\",\"url\":\"https:\/\/www.mokos.rs\/en\/our-services\/\",\"name\":\"Our Services - Mokos\",\"isPartOf\":{\"@id\":\"https:\/\/www.mokos.rs\/en\/#website\"},\"primaryImageOfPage\":{\"@id\":\"https:\/\/www.mokos.rs\/en\/our-services\/#primaryimage\"},\"image\":{\"@id\":\"https:\/\/www.mokos.rs\/en\/our-services\/#primaryimage\"},\"thumbnailUrl\":\"https:\/\/www.mokos.rs\/wp-content\/uploads\/2024\/03\/2023-01-09.jpg\",\"datePublished\":\"2020-05-06T08:05:12+00:00\",\"dateModified\":\"2024-08-04T12:31:52+00:00\",\"breadcrumb\":{\"@id\":\"https:\/\/www.mokos.rs\/en\/our-services\/#breadcrumb\"},\"inLanguage\":\"en-US\",\"potentialAction\":[{\"@type\":\"ReadAction\",\"target\":[\"https:\/\/www.mokos.rs\/en\/our-services\/\"]}]},{\"@type\":\"ImageObject\",\"inLanguage\":\"en-US\",\"@id\":\"https:\/\/www.mokos.rs\/en\/our-services\/#primaryimage\",\"url\":\"https:\/\/www.mokos.rs\/wp-content\/uploads\/2024\/03\/2023-01-09.jpg\",\"contentUrl\":\"https:\/\/www.mokos.rs\/wp-content\/uploads\/2024\/03\/2023-01-09.jpg\"},{\"@type\":\"BreadcrumbList\",\"@id\":\"https:\/\/www.mokos.rs\/en\/our-services\/#breadcrumb\",\"itemListElement\":[{\"@type\":\"ListItem\",\"position\":1,\"name\":\"Home\",\"item\":\"https:\/\/www.mokos.rs\/en\/\"},{\"@type\":\"ListItem\",\"position\":2,\"name\":\"Our Services\"}]},{\"@type\":\"WebSite\",\"@id\":\"https:\/\/www.mokos.rs\/en\/#website\",\"url\":\"https:\/\/www.mokos.rs\/en\/\",\"name\":\"Mokos\",\"description\":\"\",\"publisher\":{\"@id\":\"https:\/\/www.mokos.rs\/en\/#organization\"},\"potentialAction\":[{\"@type\":\"SearchAction\",\"target\":{\"@type\":\"EntryPoint\",\"urlTemplate\":\"https:\/\/www.mokos.rs\/en\/?s={search_term_string}\"},\"query-input\":\"required name=search_term_string\"}],\"inLanguage\":\"en-US\"},{\"@type\":\"Organization\",\"@id\":\"https:\/\/www.mokos.rs\/en\/#organization\",\"name\":\"Mokos\",\"url\":\"https:\/\/www.mokos.rs\/en\/\",\"logo\":{\"@type\":\"ImageObject\",\"inLanguage\":\"en-US\",\"@id\":\"https:\/\/www.mokos.rs\/en\/#\/schema\/logo\/image\/\",\"url\":\"https:\/\/www.mokos.rs\/wp-content\/uploads\/2022\/10\/Untitled.png\",\"contentUrl\":\"https:\/\/www.mokos.rs\/wp-content\/uploads\/2022\/10\/Untitled.png\",\"width\":1920,\"height\":1043,\"caption\":\"Mokos\"},\"image\":{\"@id\":\"https:\/\/www.mokos.rs\/en\/#\/schema\/logo\/image\/\"},\"sameAs\":[\"https:\/\/www.instagram.com\/mokos_fashion\/\"]}]}<\/script>\n<!-- \/ Yoast SEO plugin. -->","yoast_head_json":{"title":"Our Services - Mokos","robots":{"index":"index","follow":"follow","max-snippet":"max-snippet:-1","max-image-preview":"max-image-preview:large","max-video-preview":"max-video-preview:-1"},"canonical":"https:\/\/www.mokos.rs\/en\/our-services\/","og_locale":"en_US","og_type":"article","og_title":"Our Services - Mokos","og_description":"PREMIUM DESIGN In order for you to feel the most beautiful in Moko\u0161 models, and overcome the limitations of standardized sizes, our brand is also based on the creation of an exclusive Custom Made design. Unique models designed according to your unique measurements, define the model so that it fully follows the silhouette of the [&hellip;]","og_url":"https:\/\/www.mokos.rs\/en\/our-services\/","og_site_name":"Mokos","article_publisher":"https:\/\/www.instagram.com\/mokos_fashion\/","article_modified_time":"2024-08-04T12:31:52+00:00","og_image":[{"url":"https:\/\/www.mokos.rs\/wp-content\/uploads\/2024\/03\/2023-01-09.jpg"}],"twitter_card":"summary_large_image","twitter_misc":{"Est. reading time":"2 minutes"},"schema":{"@context":"https:\/\/schema.org","@graph":[{"@type":"WebPage","@id":"https:\/\/www.mokos.rs\/en\/our-services\/","url":"https:\/\/www.mokos.rs\/en\/our-services\/","name":"Our Services - Mokos","isPartOf":{"@id":"https:\/\/www.mokos.rs\/en\/#website"},"primaryImageOfPage":{"@id":"https:\/\/www.mokos.rs\/en\/our-services\/#primaryimage"},"image":{"@id":"https:\/\/www.mokos.rs\/en\/our-services\/#primaryimage"},"thumbnailUrl":"https:\/\/www.mokos.rs\/wp-content\/uploads\/2024\/03\/2023-01-09.jpg","datePublished":"2020-05-06T08:05:12+00:00","dateModified":"2024-08-04T12:31:52+00:00","breadcrumb":{"@id":"https:\/\/www.mokos.rs\/en\/our-services\/#breadcrumb"},"inLanguage":"en-US","potentialAction":[{"@type":"ReadAction","target":["https:\/\/www.mokos.rs\/en\/our-services\/"]}]},{"@type":"ImageObject","inLanguage":"en-US","@id":"https:\/\/www.mokos.rs\/en\/our-services\/#primaryimage","url":"https:\/\/www.mokos.rs\/wp-content\/uploads\/2024\/03\/2023-01-09.jpg","contentUrl":"https:\/\/www.mokos.rs\/wp-content\/uploads\/2024\/03\/2023-01-09.jpg"},{"@type":"BreadcrumbList","@id":"https:\/\/www.mokos.rs\/en\/our-services\/#breadcrumb","itemListElement":[{"@type":"ListItem","position":1,"name":"Home","item":"https:\/\/www.mokos.rs\/en\/"},{"@type":"ListItem","position":2,"name":"Our Services"}]},{"@type":"WebSite","@id":"https:\/\/www.mokos.rs\/en\/#website","url":"https:\/\/www.mokos.rs\/en\/","name":"Mokos","description":"","publisher":{"@id":"https:\/\/www.mokos.rs\/en\/#organization"},"potentialAction":[{"@type":"SearchAction","target":{"@type":"EntryPoint","urlTemplate":"https:\/\/www.mokos.rs\/en\/?s={search_term_string}"},"query-input":"required name=search_term_string"}],"inLanguage":"en-US"},{"@type":"Organization","@id":"https:\/\/www.mokos.rs\/en\/#organization","name":"Mokos","url":"https:\/\/www.mokos.rs\/en\/","logo":{"@type":"ImageObject","inLanguage":"en-US","@id":"https:\/\/www.mokos.rs\/en\/#\/schema\/logo\/image\/","url":"https:\/\/www.mokos.rs\/wp-content\/uploads\/2022\/10\/Untitled.png","contentUrl":"https:\/\/www.mokos.rs\/wp-content\/uploads\/2022\/10\/Untitled.png","width":1920,"height":1043,"caption":"Mokos"},"image":{"@id":"https:\/\/www.mokos.rs\/en\/#\/schema\/logo\/image\/"},"sameAs":["https:\/\/www.instagram.com\/mokos_fashion\/"]}]}},"_links":{"self":[{"href":"https:\/\/www.mokos.rs\/en\/wp-json\/wp\/v2\/pages\/1390","targetHints":{"allow":["GET"]}}],"collection":[{"href":"https:\/\/www.mokos.rs\/en\/wp-json\/wp\/v2\/pages"}],"about":[{"href":"https:\/\/www.mokos.rs\/en\/wp-json\/wp\/v2\/types\/page"}],"author":[{"embeddable":true,"href":"https:\/\/www.mokos.rs\/en\/wp-json\/wp\/v2\/users\/1"}],"replies":[{"embeddable":true,"href":"https:\/\/www.mokos.rs\/en\/wp-json\/wp\/v2\/comments?post=1390"}],"version-history":[{"count":6,"href":"https:\/\/www.mokos.rs\/en\/wp-json\/wp\/v2\/pages\/1390\/revisions"}],"predecessor-version":[{"id":28813,"href":"https:\/\/www.mokos.rs\/en\/wp-json\/wp\/v2\/pages\/1390\/revisions\/28813"}],"wp:attachment":[{"href":"https:\/\/www.mokos.rs\/en\/wp-json\/wp\/v2\/media?parent=1390"}],"curies":[{"name":"wp","href":"https:\/\/api.w.org\/{rel}","templated":true}]}}