{"id":1172,"date":"2020-05-05T08:37:36","date_gmt":"2020-05-05T08:37:36","guid":{"rendered":"https:\/\/eona.qodeinteractive.com\/?page_id=1172"},"modified":"2024-04-21T17:05:21","modified_gmt":"2024-04-21T15:05:21","slug":"contact-us","status":"publish","type":"page","link":"https:\/\/www.mokos.rs\/en\/contact-us\/","title":{"rendered":"contact us"},"content":{"rendered":"\t\t<div data-elementor-type=\"wp-page\" data-elementor-id=\"1172\" class=\"elementor elementor-1172\">\n\t\t\t\t\t\t<section style=\"height: 520px\" class=\"qodef-parallax--custom elementor-section elementor-top-section elementor-element elementor-element-fbd0906 elementor-section-full_width qodef-elementor-content-grid elementor-section-height-default elementor-section-height-default\" data-id=\"fbd0906\" data-element_type=\"section\" data-e-type=\"section\">\n\t\t\t\t\t\t<div class=\"elementor-container elementor-column-gap-default\">\n\t\t\t\t\t<div class=\"elementor-column elementor-col-100 elementor-top-column elementor-element elementor-element-884f4ee\" data-id=\"884f4ee\" data-element_type=\"column\" data-e-type=\"column\">\n\t\t\t<div class=\"elementor-widget-wrap elementor-element-populated\">\n\t\t\t\t\t\t<div class=\"elementor-element elementor-element-009778c elementor-widget elementor-widget-eona_core_section_title\" data-id=\"009778c\" data-element_type=\"widget\" data-e-type=\"widget\" data-widget_type=\"eona_core_section_title.default\">\n\t\t\t\t<div class=\"elementor-widget-container\">\n\t\t\t\t\t<div class=\"qodef-shortcode qodef-m  qodef-section-title qodef-alignment--left    \">\n    \t<h1 class=\"qodef-m-title\" style=\"color: #FFFFFF\" >\n                    Contact            <\/h1>\n        \t    <\/div>\t\t\t\t<\/div>\n\t\t\t\t<\/div>\n\t\t\t\t\t<\/div>\n\t\t<\/div>\n\t\t\t\t\t<\/div>\n\t\t<\/section>\n\t\t\t\t<section class=\"elementor-section elementor-top-section elementor-element elementor-element-b0a7661 elementor-section-full_width qodef-elementor-content-grid elementor-section-height-default elementor-section-height-default\" data-id=\"b0a7661\" data-element_type=\"section\" data-e-type=\"section\">\n\t\t\t\t\t\t<div class=\"elementor-container elementor-column-gap-default\">\n\t\t\t\t\t<div class=\"elementor-column elementor-col-50 elementor-top-column elementor-element elementor-element-2ebbe68\" data-id=\"2ebbe68\" data-element_type=\"column\" data-e-type=\"column\">\n\t\t\t<div class=\"elementor-widget-wrap elementor-element-populated\">\n\t\t\t\t\t\t<div class=\"elementor-element elementor-element-1643db4 elementor-widget elementor-widget-eona_core_section_title\" data-id=\"1643db4\" data-element_type=\"widget\" data-e-type=\"widget\" data-widget_type=\"eona_core_section_title.default\">\n\t\t\t\t<div class=\"elementor-widget-container\">\n\t\t\t\t\t<div class=\"qodef-shortcode qodef-m  qodef-section-title qodef-alignment--left    \">\n    \t<h1 class=\"qodef-m-title\"  >\n                    Contact us            <\/h1>\n    \t<span class=\"qodef-m-subtitle\" >\n        Custom made high fashion \t<\/span>\n    \t<div class=\"qodef-m-separator\" ><\/div>\n\t    <\/div>\t\t\t\t<\/div>\n\t\t\t\t<\/div>\n\t\t\t\t<section class=\"elementor-section elementor-inner-section elementor-element elementor-element-17ce148 elementor-section-boxed elementor-section-height-default elementor-section-height-default qodef-elementor-content-no\" data-id=\"17ce148\" data-element_type=\"section\" data-e-type=\"section\">\n\t\t\t\t\t\t<div class=\"elementor-container elementor-column-gap-default\">\n\t\t\t\t\t<div class=\"elementor-column elementor-col-50 elementor-inner-column elementor-element elementor-element-3f03ae3\" data-id=\"3f03ae3\" data-element_type=\"column\" data-e-type=\"column\">\n\t\t\t<div class=\"elementor-widget-wrap elementor-element-populated\">\n\t\t\t\t\t\t<div class=\"elementor-element elementor-element-d749017 elementor-widget elementor-widget-text-editor\" data-id=\"d749017\" data-element_type=\"widget\" data-e-type=\"widget\" data-widget_type=\"text-editor.default\">\n\t\t\t\t<div class=\"elementor-widget-container\">\n\t\t\t\t\t\t\t\t\t<h3><strong>MOKO\u0160 STUDIO<\/strong><\/h3>\t\t\t\t\t\t\t\t<\/div>\n\t\t\t\t<\/div>\n\t\t\t\t<div class=\"elementor-element elementor-element-5805e95 elementor-widget elementor-widget-text-editor\" data-id=\"5805e95\" data-element_type=\"widget\" data-e-type=\"widget\" data-widget_type=\"text-editor.default\">\n\t\t\t\t<div class=\"elementor-widget-container\">\n\t\t\t\t\t\t\t\t\t<div class=\"elementor-element elementor-element-5805e95 elementor-widget elementor-widget-text-editor\" data-id=\"5805e95\" data-element_type=\"widget\" data-widget_type=\"text-editor.default\"><div class=\"elementor-widget-container\"><p>Addres: Jugovi\u0107eva 4, 12000 Po\u017earevac and Mile\u0161evska 53\/3, 11000 Beograd<\/p><p>Tel: +381 64 821 5138<\/p><p>E-mail: office@mokos.rs<\/p><\/div><\/div>\t\t\t\t\t\t\t\t<\/div>\n\t\t\t\t<\/div>\n\t\t\t\t\t<\/div>\n\t\t<\/div>\n\t\t\t\t<div class=\"elementor-column elementor-col-50 elementor-inner-column elementor-element elementor-element-b029b70\" data-id=\"b029b70\" data-element_type=\"column\" data-e-type=\"column\">\n\t\t\t<div class=\"elementor-widget-wrap elementor-element-populated\">\n\t\t\t\t\t\t\t<\/div>\n\t\t<\/div>\n\t\t\t\t\t<\/div>\n\t\t<\/section>\n\t\t\t\t\t<\/div>\n\t\t<\/div>\n\t\t\t\t<div class=\"elementor-column elementor-col-50 elementor-top-column elementor-element elementor-element-8d6f6a4\" data-id=\"8d6f6a4\" data-element_type=\"column\" data-e-type=\"column\">\n\t\t\t<div class=\"elementor-widget-wrap elementor-element-populated\">\n\t\t\t\t\t\t<div class=\"elementor-element elementor-element-ebea712 elementor-widget elementor-widget-wp-widget-eona_core_contact_form_7\" data-id=\"ebea712\" data-element_type=\"widget\" data-e-type=\"widget\" data-widget_type=\"wp-widget-eona_core_contact_form_7.default\">\n\t\t\t\t<div class=\"elementor-widget-container\">\n\t\t\t\t\t\t\t\t<div class=\"qodef-contact-form-7\">\n\t\t\t\t\n<div class=\"wpcf7 no-js\" id=\"wpcf7-f1182-o1\" lang=\"en-US\" dir=\"ltr\" data-wpcf7-id=\"1182\">\n<div class=\"screen-reader-response\"><p role=\"status\" aria-live=\"polite\" aria-atomic=\"true\"><\/p> <ul><\/ul><\/div>\n<form action=\"\/en\/wp-json\/wp\/v2\/pages\/1172#wpcf7-f1182-o1\" method=\"post\" class=\"wpcf7-form init\" aria-label=\"Contact form\" novalidate=\"novalidate\" data-status=\"init\">\n<fieldset class=\"hidden-fields-container\"><input type=\"hidden\" name=\"_wpcf7\" value=\"1182\" \/><input type=\"hidden\" name=\"_wpcf7_version\" value=\"6.1.5\" \/><input type=\"hidden\" name=\"_wpcf7_locale\" value=\"en_US\" \/><input type=\"hidden\" name=\"_wpcf7_unit_tag\" value=\"wpcf7-f1182-o1\" \/><input type=\"hidden\" name=\"_wpcf7_container_post\" value=\"0\" \/><input type=\"hidden\" name=\"_wpcf7_posted_data_hash\" value=\"\" \/>\n<\/fieldset>\n<div class=\"qodef-cf7-contact\">\n<span class=\"wpcf7-form-control-wrap\" data-name=\"your-email\"><input size=\"40\" maxlength=\"400\" class=\"wpcf7-form-control wpcf7-email wpcf7-validates-as-required wpcf7-text wpcf7-validates-as-email\" aria-required=\"true\" aria-invalid=\"false\" placeholder=\"Email...\" value=\"\" type=\"email\" name=\"your-email\" \/><\/span>\n<span class=\"wpcf7-form-control-wrap\" data-name=\"your-name\"><input size=\"40\" maxlength=\"400\" class=\"wpcf7-form-control wpcf7-text wpcf7-validates-as-required\" aria-required=\"true\" aria-invalid=\"false\" value=\"Name...\" type=\"text\" name=\"your-name\" \/><\/span>\n<span class=\"wpcf7-form-control-wrap\" data-name=\"your-message\"><textarea cols=\"40\" rows=\"10\" maxlength=\"2000\" class=\"wpcf7-form-control wpcf7-textarea\" aria-invalid=\"false\" placeholder=\"Message...\" name=\"your-message\"><\/textarea><\/span>\n<button class=\"wpcf7-form-control wpcf7-submit qodef-button qodef-size--large qodef-type--filled qodef-m\" type=\"submit\"><span class=\"qodef-m-text\">submit<\/span><\/button>\n<\/div><div class=\"wpcf7-response-output\" aria-hidden=\"true\"><\/div>\n<\/form>\n<\/div>\n\t\t\t<\/div>\n\t\t\t\t\t\t\t<\/div>\n\t\t\t\t<\/div>\n\t\t\t\t\t<\/div>\n\t\t<\/div>\n\t\t\t\t\t<\/div>\n\t\t<\/section>\n\t\t\t\t<section class=\"elementor-section elementor-top-section elementor-element elementor-element-d5af97d elementor-section-full_width qodef-elementor-content-grid elementor-section-height-default elementor-section-height-default\" data-id=\"d5af97d\" data-element_type=\"section\" data-e-type=\"section\">\n\t\t\t\t\t\t<div class=\"elementor-container elementor-column-gap-no\">\n\t\t\t\t\t<div class=\"elementor-column elementor-col-66 elementor-top-column elementor-element elementor-element-a8928c4\" data-id=\"a8928c4\" data-element_type=\"column\" data-e-type=\"column\">\n\t\t\t<div class=\"elementor-widget-wrap elementor-element-populated\">\n\t\t\t\t\t\t<div class=\"elementor-element elementor-element-408465b elementor-widget elementor-widget-heading\" data-id=\"408465b\" data-element_type=\"widget\" data-e-type=\"widget\" data-widget_type=\"heading.default\">\n\t\t\t\t<div class=\"elementor-widget-container\">\n\t\t\t\t\t<h3 class=\"elementor-heading-title elementor-size-default\">The Mokosh team is here to answer all your questions. Explore the most frequently asked questions. <\/h3>\t\t\t\t<\/div>\n\t\t\t\t<\/div>\n\t\t\t\t\t<\/div>\n\t\t<\/div>\n\t\t\t\t<div class=\"elementor-column elementor-col-33 elementor-top-column elementor-element elementor-element-e139233\" data-id=\"e139233\" data-element_type=\"column\" data-e-type=\"column\">\n\t\t\t<div class=\"elementor-widget-wrap elementor-element-populated\">\n\t\t\t\t\t\t<div class=\"elementor-element elementor-element-b097992 elementor-widget elementor-widget-wp-widget-eona_core_button\" data-id=\"b097992\" data-element_type=\"widget\" data-e-type=\"widget\" data-widget_type=\"wp-widget-eona_core_button.default\">\n\t\t\t\t<div class=\"elementor-widget-container\">\n\t\t\t\t\t<a class=\"qodef-shortcode qodef-m  qodef-button qodef-layout--outlined  qodef-html--link\" href=\"https:\/\/www.mokos.rs\/en\/faq-page\/\" target=\"_self\"  >\n\t<span class=\"qodef-m-text\">DISCOVER<\/span>\n<\/a>\t\t\t\t<\/div>\n\t\t\t\t<\/div>\n\t\t\t\t\t<\/div>\n\t\t<\/div>\n\t\t\t\t\t<\/div>\n\t\t<\/section>\n\t\t\t\t<section class=\"elementor-section elementor-top-section elementor-element elementor-element-ea42583 elementor-section-full_width elementor-section-height-default elementor-section-height-default qodef-elementor-content-no\" data-id=\"ea42583\" data-element_type=\"section\" data-e-type=\"section\">\n\t\t\t\t\t\t<div class=\"elementor-container elementor-column-gap-no\">\n\t\t\t\t\t<div class=\"elementor-column elementor-col-100 elementor-top-column elementor-element elementor-element-017af0c\" data-id=\"017af0c\" data-element_type=\"column\" data-e-type=\"column\">\n\t\t\t<div class=\"elementor-widget-wrap elementor-element-populated\">\n\t\t\t\t\t\t<div class=\"elementor-element elementor-element-5486297 elementor-widget elementor-widget-sidebar\" data-id=\"5486297\" data-element_type=\"widget\" data-e-type=\"widget\" data-widget_type=\"sidebar.default\">\n\t\t\t\t<div class=\"elementor-widget-container\">\n\t\t\t\t\t<div class=\"widget widget_eona_core_instagram_list\" data-area=\"instagram\"><div class=\"qodef-shortcode qodef-m  qodef-instagram-list qodef-layout--columns qodef--no-bottom-space  qodef-gutter--micro qodef-col-num--6\">\n\t\t\t<div id=\"sbi_mod_error\" >\n\t\t\t<span>This error message is only visible to WordPress admins<\/span><br\/>\n\t\t\t<p><strong>Error: No feed found.<\/strong>\n\t\t\t<p>Please go to the Instagram Feed settings page to create a feed.<\/p>\n\t\t<\/div>\n\t\t<\/div><\/div>\t\t\t\t<\/div>\n\t\t\t\t<\/div>\n\t\t\t\t\t<\/div>\n\t\t<\/div>\n\t\t\t\t\t<\/div>\n\t\t<\/section>\n\t\t\t\t<\/div>\n\t\t","protected":false},"excerpt":{"rendered":"<p>Contact Contact us Custom made high fashion MOKO\u0160 STUDIO Addres: Jugovi\u0107eva 4, 12000 Po\u017earevac and Mile\u0161evska 53\/3, 11000 Beograd Tel: +381 64 821 5138 E-mail: office@mokos.rs The Mokosh team is here to answer all your questions. Explore the most frequently asked questions.<\/p>\n","protected":false},"author":1,"featured_media":0,"parent":0,"menu_order":0,"comment_status":"closed","ping_status":"closed","template":"page-full-width.php","meta":{"footnotes":""},"class_list":["post-1172","page","type-page","status-publish","hentry"],"yoast_head":"<!-- This site is optimized with the Yoast SEO plugin v22.4 - https:\/\/yoast.com\/wordpress\/plugins\/seo\/ -->\n<title>contact us - Mokos<\/title>\n<meta name=\"robots\" content=\"index, follow, max-snippet:-1, max-image-preview:large, max-video-preview:-1\" \/>\n<link rel=\"canonical\" href=\"https:\/\/www.mokos.rs\/en\/contact-us\/\" \/>\n<meta property=\"og:locale\" content=\"en_US\" \/>\n<meta property=\"og:type\" content=\"article\" \/>\n<meta property=\"og:title\" content=\"contact us - Mokos\" \/>\n<meta property=\"og:description\" content=\"Contact Contact us Custom made high fashion MOKO\u0160 STUDIO Addres: Jugovi\u0107eva 4, 12000 Po\u017earevac and Mile\u0161evska 53\/3, 11000 Beograd Tel: +381 64 821 5138 E-mail: office@mokos.rs The Mokosh team is here to answer all your questions. Explore the most frequently asked questions.\" \/>\n<meta property=\"og:url\" content=\"https:\/\/www.mokos.rs\/en\/contact-us\/\" \/>\n<meta property=\"og:site_name\" content=\"Mokos\" \/>\n<meta property=\"article:publisher\" content=\"https:\/\/www.instagram.com\/mokos_fashion\/\" \/>\n<meta property=\"article:modified_time\" content=\"2024-04-21T15:05:21+00:00\" \/>\n<meta property=\"og:image\" content=\"https:\/\/www.mokos.rs\/wp-content\/uploads\/2022\/10\/Untitled.png\" \/>\n\t<meta property=\"og:image:width\" content=\"1920\" \/>\n\t<meta property=\"og:image:height\" content=\"1043\" \/>\n\t<meta property=\"og:image:type\" content=\"image\/png\" \/>\n<meta name=\"twitter:card\" content=\"summary_large_image\" \/>\n<meta name=\"twitter:label1\" content=\"Est. reading time\" \/>\n\t<meta name=\"twitter:data1\" content=\"1 minute\" \/>\n<script type=\"application\/ld+json\" class=\"yoast-schema-graph\">{\"@context\":\"https:\/\/schema.org\",\"@graph\":[{\"@type\":\"WebPage\",\"@id\":\"https:\/\/www.mokos.rs\/en\/contact-us\/\",\"url\":\"https:\/\/www.mokos.rs\/en\/contact-us\/\",\"name\":\"contact us - Mokos\",\"isPartOf\":{\"@id\":\"https:\/\/www.mokos.rs\/en\/#website\"},\"datePublished\":\"2020-05-05T08:37:36+00:00\",\"dateModified\":\"2024-04-21T15:05:21+00:00\",\"breadcrumb\":{\"@id\":\"https:\/\/www.mokos.rs\/en\/contact-us\/#breadcrumb\"},\"inLanguage\":\"en-US\",\"potentialAction\":[{\"@type\":\"ReadAction\",\"target\":[\"https:\/\/www.mokos.rs\/en\/contact-us\/\"]}]},{\"@type\":\"BreadcrumbList\",\"@id\":\"https:\/\/www.mokos.rs\/en\/contact-us\/#breadcrumb\",\"itemListElement\":[{\"@type\":\"ListItem\",\"position\":1,\"name\":\"Home\",\"item\":\"https:\/\/www.mokos.rs\/en\/\"},{\"@type\":\"ListItem\",\"position\":2,\"name\":\"contact us\"}]},{\"@type\":\"WebSite\",\"@id\":\"https:\/\/www.mokos.rs\/en\/#website\",\"url\":\"https:\/\/www.mokos.rs\/en\/\",\"name\":\"Mokos\",\"description\":\"\",\"publisher\":{\"@id\":\"https:\/\/www.mokos.rs\/en\/#organization\"},\"potentialAction\":[{\"@type\":\"SearchAction\",\"target\":{\"@type\":\"EntryPoint\",\"urlTemplate\":\"https:\/\/www.mokos.rs\/en\/?s={search_term_string}\"},\"query-input\":\"required name=search_term_string\"}],\"inLanguage\":\"en-US\"},{\"@type\":\"Organization\",\"@id\":\"https:\/\/www.mokos.rs\/en\/#organization\",\"name\":\"Mokos\",\"url\":\"https:\/\/www.mokos.rs\/en\/\",\"logo\":{\"@type\":\"ImageObject\",\"inLanguage\":\"en-US\",\"@id\":\"https:\/\/www.mokos.rs\/en\/#\/schema\/logo\/image\/\",\"url\":\"https:\/\/www.mokos.rs\/wp-content\/uploads\/2022\/10\/Untitled.png\",\"contentUrl\":\"https:\/\/www.mokos.rs\/wp-content\/uploads\/2022\/10\/Untitled.png\",\"width\":1920,\"height\":1043,\"caption\":\"Mokos\"},\"image\":{\"@id\":\"https:\/\/www.mokos.rs\/en\/#\/schema\/logo\/image\/\"},\"sameAs\":[\"https:\/\/www.instagram.com\/mokos_fashion\/\"]}]}<\/script>\n<!-- \/ Yoast SEO plugin. -->","yoast_head_json":{"title":"contact us - Mokos","robots":{"index":"index","follow":"follow","max-snippet":"max-snippet:-1","max-image-preview":"max-image-preview:large","max-video-preview":"max-video-preview:-1"},"canonical":"https:\/\/www.mokos.rs\/en\/contact-us\/","og_locale":"en_US","og_type":"article","og_title":"contact us - Mokos","og_description":"Contact Contact us Custom made high fashion MOKO\u0160 STUDIO Addres: Jugovi\u0107eva 4, 12000 Po\u017earevac and Mile\u0161evska 53\/3, 11000 Beograd Tel: +381 64 821 5138 E-mail: office@mokos.rs The Mokosh team is here to answer all your questions. Explore the most frequently asked questions.","og_url":"https:\/\/www.mokos.rs\/en\/contact-us\/","og_site_name":"Mokos","article_publisher":"https:\/\/www.instagram.com\/mokos_fashion\/","article_modified_time":"2024-04-21T15:05:21+00:00","og_image":[{"width":1920,"height":1043,"url":"https:\/\/www.mokos.rs\/wp-content\/uploads\/2022\/10\/Untitled.png","type":"image\/png"}],"twitter_card":"summary_large_image","twitter_misc":{"Est. reading time":"1 minute"},"schema":{"@context":"https:\/\/schema.org","@graph":[{"@type":"WebPage","@id":"https:\/\/www.mokos.rs\/en\/contact-us\/","url":"https:\/\/www.mokos.rs\/en\/contact-us\/","name":"contact us - Mokos","isPartOf":{"@id":"https:\/\/www.mokos.rs\/en\/#website"},"datePublished":"2020-05-05T08:37:36+00:00","dateModified":"2024-04-21T15:05:21+00:00","breadcrumb":{"@id":"https:\/\/www.mokos.rs\/en\/contact-us\/#breadcrumb"},"inLanguage":"en-US","potentialAction":[{"@type":"ReadAction","target":["https:\/\/www.mokos.rs\/en\/contact-us\/"]}]},{"@type":"BreadcrumbList","@id":"https:\/\/www.mokos.rs\/en\/contact-us\/#breadcrumb","itemListElement":[{"@type":"ListItem","position":1,"name":"Home","item":"https:\/\/www.mokos.rs\/en\/"},{"@type":"ListItem","position":2,"name":"contact us"}]},{"@type":"WebSite","@id":"https:\/\/www.mokos.rs\/en\/#website","url":"https:\/\/www.mokos.rs\/en\/","name":"Mokos","description":"","publisher":{"@id":"https:\/\/www.mokos.rs\/en\/#organization"},"potentialAction":[{"@type":"SearchAction","target":{"@type":"EntryPoint","urlTemplate":"https:\/\/www.mokos.rs\/en\/?s={search_term_string}"},"query-input":"required name=search_term_string"}],"inLanguage":"en-US"},{"@type":"Organization","@id":"https:\/\/www.mokos.rs\/en\/#organization","name":"Mokos","url":"https:\/\/www.mokos.rs\/en\/","logo":{"@type":"ImageObject","inLanguage":"en-US","@id":"https:\/\/www.mokos.rs\/en\/#\/schema\/logo\/image\/","url":"https:\/\/www.mokos.rs\/wp-content\/uploads\/2022\/10\/Untitled.png","contentUrl":"https:\/\/www.mokos.rs\/wp-content\/uploads\/2022\/10\/Untitled.png","width":1920,"height":1043,"caption":"Mokos"},"image":{"@id":"https:\/\/www.mokos.rs\/en\/#\/schema\/logo\/image\/"},"sameAs":["https:\/\/www.instagram.com\/mokos_fashion\/"]}]}},"_links":{"self":[{"href":"https:\/\/www.mokos.rs\/en\/wp-json\/wp\/v2\/pages\/1172","targetHints":{"allow":["GET"]}}],"collection":[{"href":"https:\/\/www.mokos.rs\/en\/wp-json\/wp\/v2\/pages"}],"about":[{"href":"https:\/\/www.mokos.rs\/en\/wp-json\/wp\/v2\/types\/page"}],"author":[{"embeddable":true,"href":"https:\/\/www.mokos.rs\/en\/wp-json\/wp\/v2\/users\/1"}],"replies":[{"embeddable":true,"href":"https:\/\/www.mokos.rs\/en\/wp-json\/wp\/v2\/comments?post=1172"}],"version-history":[{"count":8,"href":"https:\/\/www.mokos.rs\/en\/wp-json\/wp\/v2\/pages\/1172\/revisions"}],"predecessor-version":[{"id":28302,"href":"https:\/\/www.mokos.rs\/en\/wp-json\/wp\/v2\/pages\/1172\/revisions\/28302"}],"wp:attachment":[{"href":"https:\/\/www.mokos.rs\/en\/wp-json\/wp\/v2\/media?parent=1172"}],"curies":[{"name":"wp","href":"https:\/\/api.w.org\/{rel}","templated":true}]}}